{"id":64,"date":"2023-03-18T23:28:27","date_gmt":"2023-03-18T16:28:27","guid":{"rendered":"https:\/\/miit-ciit.com\/?page_id=64"},"modified":"2023-04-04T22:30:25","modified_gmt":"2023-04-04T15:30:25","slug":"servicios","status":"publish","type":"page","link":"https:\/\/miit-ciit.com\/index.php\/servicios\/","title":{"rendered":"Servicios"},"content":{"rendered":"\t\t<div data-elementor-type=\"wp-page\" data-elementor-id=\"64\" class=\"elementor elementor-64\">\n\t\t\t\t\t\t\t\t\t<section class=\"elementor-section elementor-top-section elementor-element elementor-element-29a0f4c elementor-section-boxed elementor-section-height-default elementor-section-height-default\" data-id=\"29a0f4c\" data-element_type=\"section\">\n\t\t\t\t\t\t<div class=\"elementor-container elementor-column-gap-default\">\n\t\t\t\t\t<div class=\"elementor-column elementor-col-100 elementor-top-column elementor-element elementor-element-8c73086\" data-id=\"8c73086\" data-element_type=\"column\">\n\t\t\t<div class=\"elementor-widget-wrap elementor-element-populated\">\n\t\t\t\t\t\t\t\t<div class=\"elementor-element elementor-element-301d15c elementor-widget elementor-widget-heading\" data-id=\"301d15c\" data-element_type=\"widget\" data-widget_type=\"heading.default\">\n\t\t\t\t<div class=\"elementor-widget-container\">\n\t\t\t<style>\/*! elementor - v3.12.0 - 29-03-2023 *\/\n.elementor-heading-title{padding:0;margin:0;line-height:1}.elementor-widget-heading .elementor-heading-title[class*=elementor-size-]>a{color:inherit;font-size:inherit;line-height:inherit}.elementor-widget-heading .elementor-heading-title.elementor-size-small{font-size:15px}.elementor-widget-heading .elementor-heading-title.elementor-size-medium{font-size:19px}.elementor-widget-heading .elementor-heading-title.elementor-size-large{font-size:29px}.elementor-widget-heading .elementor-heading-title.elementor-size-xl{font-size:39px}.elementor-widget-heading .elementor-heading-title.elementor-size-xxl{font-size:59px}<\/style><h2 class=\"elementor-heading-title elementor-size-default\">Servicios<\/h2>\t\t<\/div>\n\t\t\t\t<\/div>\n\t\t\t\t\t<\/div>\n\t\t<\/div>\n\t\t\t\t\t\t\t<\/div>\n\t\t<\/section>\n\t\t\t\t<section class=\"elementor-section elementor-top-section elementor-element elementor-element-70cbc4a elementor-section-boxed elementor-section-height-default elementor-section-height-default\" data-id=\"70cbc4a\" data-element_type=\"section\">\n\t\t\t\t\t\t<div class=\"elementor-container elementor-column-gap-default\">\n\t\t\t\t\t<div class=\"elementor-column elementor-col-33 elementor-top-column elementor-element elementor-element-d89ffb8\" data-id=\"d89ffb8\" data-element_type=\"column\">\n\t\t\t<div class=\"elementor-widget-wrap elementor-element-populated\">\n\t\t\t\t\t\t\t\t<div class=\"elementor-element elementor-element-1a50fa8 elementor-widget elementor-widget-heading\" data-id=\"1a50fa8\" data-element_type=\"widget\" data-widget_type=\"heading.default\">\n\t\t\t\t<div class=\"elementor-widget-container\">\n\t\t\t<h3 class=\"elementor-heading-title elementor-size-default\">Construcci\u00f3n en Obra Mec\u00e1nica<\/h3>\t\t<\/div>\n\t\t\t\t<\/div>\n\t\t\t\t<div class=\"elementor-element elementor-element-c140512 elementor-widget elementor-widget-text-editor\" data-id=\"c140512\" data-element_type=\"widget\" data-widget_type=\"text-editor.default\">\n\t\t\t\t<div class=\"elementor-widget-container\">\n\t\t\t<style>\/*! elementor - v3.12.0 - 29-03-2023 *\/\n.elementor-widget-text-editor.elementor-drop-cap-view-stacked .elementor-drop-cap{background-color:#69727d;color:#fff}.elementor-widget-text-editor.elementor-drop-cap-view-framed .elementor-drop-cap{color:#69727d;border:3px solid;background-color:transparent}.elementor-widget-text-editor:not(.elementor-drop-cap-view-default) .elementor-drop-cap{margin-top:8px}.elementor-widget-text-editor:not(.elementor-drop-cap-view-default) .elementor-drop-cap-letter{width:1em;height:1em}.elementor-widget-text-editor .elementor-drop-cap{float:left;text-align:center;line-height:1;font-size:50px}.elementor-widget-text-editor .elementor-drop-cap-letter{display:inline-block}<\/style>\t\t\t\t<ul>\n<li>Fabricaci\u00f3n de estructura met\u00e1lica<\/li>\n<!-- \/wp:list-item --><!-- wp:list-item -->\n<li>Montaje de equipos est\u00e1ticos y din\u00e1micos<\/li>\n<!-- \/wp:list-item --><!-- wp:list-item -->\n<li>Montaje de tanques atmosf\u00e9ricos (API 650)<\/li>\n<!-- \/wp:list-item --><!-- wp:list-item --><!-- \/wp:list-item --><!-- wp:list-item -->\n<li>Montaje de estructura met\u00e1lica (edificaciones, plantas industriales)<\/li>\n<!-- \/wp:list-item --><!-- wp:list-item -->\n<li>Instalaci\u00f3n de l\u00e1mina y aislamiento t\u00e9rmico<\/li>\n<!-- \/wp:list-item --><!-- wp:list-item --><!-- \/wp:list-item --><!-- wp:list-item -->\n<li>Maniobras de izaje hasta 250 Ton.<\/li>\n<!-- \/wp:list-item --><!-- wp:list-item -->\n<li>Construcci\u00f3n de ductos<\/li>\n<!-- \/wp:list-item --><!-- wp:list-item --><!-- \/wp:list-item --><!-- wp:list-item -->\n<li>Proceso de aplicaci\u00f3n de soldadura (SMAW, GMAW, FCAW, GTAW)<\/li>\n<!-- \/wp:list-item --><!-- wp:list-item -->\n<li>Ex\u00e1menes no destructivos en soldaduras<\/li>\n<!-- \/wp:list-item --><!-- wp:list-item -->\n<li>Pruebas hidrost\u00e1ticas y neum\u00e1ticas<\/li>\n<!-- \/wp:list-item --><!-- wp:list-item -->\n<li>Sistema de recubrimiento anticorrosivo<\/li>\n<\/ul>\t\t\t\t\t\t<\/div>\n\t\t\t\t<\/div>\n\t\t\t\t\t<\/div>\n\t\t<\/div>\n\t\t\t\t<div class=\"elementor-column elementor-col-33 elementor-top-column elementor-element elementor-element-d1af9bc\" data-id=\"d1af9bc\" data-element_type=\"column\" data-settings=\"{&quot;background_background&quot;:&quot;classic&quot;}\">\n\t\t\t<div class=\"elementor-widget-wrap elementor-element-populated\">\n\t\t\t\t\t\t\t\t<div class=\"elementor-element elementor-element-98a925d elementor-widget elementor-widget-heading\" data-id=\"98a925d\" data-element_type=\"widget\" data-widget_type=\"heading.default\">\n\t\t\t\t<div class=\"elementor-widget-container\">\n\t\t\t<h3 class=\"elementor-heading-title elementor-size-default\">Construcci\u00f3n de Obra El\u00e9ctrica<\/h3>\t\t<\/div>\n\t\t\t\t<\/div>\n\t\t\t\t<div class=\"elementor-element elementor-element-f96b109 elementor-widget elementor-widget-text-editor\" data-id=\"f96b109\" data-element_type=\"widget\" data-widget_type=\"text-editor.default\">\n\t\t\t\t<div class=\"elementor-widget-container\">\n\t\t\t\t\t\t\t<ul>\n<li>Instalaci\u00f3n de sistemas de alumbrado<\/li>\n<li>Pruebas de interruptores de 480 V<\/li>\n<li>Colocaci\u00f3n y fijaci\u00f3n de charolas para cables el\u00e9ctricos<\/li>\n<li>Instalaci\u00f3n de ductos subterr\u00e1neos para instalaciones el\u00e9ctricas<\/li>\n<li>Instalaci\u00f3n de tableros de distribuci\u00f3n de fuerza y control<\/li>\n<li>Instalaci\u00f3n de tableros C.D. bancos y cargadores de bater\u00edas<\/li>\n<li>Instalaci\u00f3n de Sistemas de tierras y pararrayos<\/li>\n<li>Conexiones e instalaci\u00f3n de cables de fuerza control e instrumentaci\u00f3n<\/li>\n<li>Instalaci\u00f3n de equipos y materiales de subestaci\u00f3n de 69 y 115 Kv<\/li>\n<li>Instalaci\u00f3n de sistema de voz y datos<\/li>\n<li>Pruebas a cables de media, baja tensi\u00f3n y control<\/li>\n<li>Pruebas a motores de corriente alterna de baja tensi\u00f3n<\/li>\n<\/ul>\t\t\t\t\t\t<\/div>\n\t\t\t\t<\/div>\n\t\t\t\t\t<\/div>\n\t\t<\/div>\n\t\t\t\t<div class=\"elementor-column elementor-col-33 elementor-top-column elementor-element elementor-element-c46afb3\" data-id=\"c46afb3\" data-element_type=\"column\">\n\t\t\t<div class=\"elementor-widget-wrap elementor-element-populated\">\n\t\t\t\t\t\t\t\t<div class=\"elementor-element elementor-element-02a2ba7 elementor-widget elementor-widget-heading\" data-id=\"02a2ba7\" data-element_type=\"widget\" data-widget_type=\"heading.default\">\n\t\t\t\t<div class=\"elementor-widget-container\">\n\t\t\t<h3 class=\"elementor-heading-title elementor-size-default\">Construcci\u00f3n de Obra Civil<\/h3>\t\t<\/div>\n\t\t\t\t<\/div>\n\t\t\t\t<div class=\"elementor-element elementor-element-9030355 elementor-widget elementor-widget-text-editor\" data-id=\"9030355\" data-element_type=\"widget\" data-widget_type=\"text-editor.default\">\n\t\t\t\t<div class=\"elementor-widget-container\">\n\t\t\t\t\t\t\t<ul>\n<li>Movimiento de tierras<\/li>\n<li>Construcci\u00f3n de viviendas<\/li>\n<li>Cimentaciones<\/li>\n<li>Estructuras de concreto prefabricada<\/li>\n<li>Montaje de estructuras de concreto<\/li>\n<li>Demoliciones<\/li>\n<li>Construcci\u00f3n de vialidades<\/li>\n<li>Construcci\u00f3n urbana<\/li>\n<li>Remodelaciones<\/li>\n<\/ul>\t\t\t\t\t\t<\/div>\n\t\t\t\t<\/div>\n\t\t\t\t\t<\/div>\n\t\t<\/div>\n\t\t\t\t\t\t\t<\/div>\n\t\t<\/section>\n\t\t\t\t\t\t\t<\/div>\n\t\t","protected":false},"excerpt":{"rendered":"<p>Servicios Construcci\u00f3n en Obra Mec\u00e1nica Fabricaci\u00f3n de estructura met\u00e1lica Montaje de equipos est\u00e1ticos y din\u00e1micos Montaje de tanques atmosf\u00e9ricos (API 650) Montaje de estructura met\u00e1lica (edificaciones, plantas industriales) Instalaci\u00f3n de l\u00e1mina y aislamiento t\u00e9rmico Maniobras de izaje hasta 250 Ton. Construcci\u00f3n de ductos Proceso de aplicaci\u00f3n de soldadura (SMAW, GMAW, FCAW, GTAW) Ex\u00e1menes no destructivos [&hellip;]<\/p>\n","protected":false},"author":1,"featured_media":0,"parent":0,"menu_order":0,"comment_status":"closed","ping_status":"closed","template":"","meta":[],"_links":{"self":[{"href":"https:\/\/miit-ciit.com\/index.php\/wp-json\/wp\/v2\/pages\/64"}],"collection":[{"href":"https:\/\/miit-ciit.com\/index.php\/wp-json\/wp\/v2\/pages"}],"about":[{"href":"https:\/\/miit-ciit.com\/index.php\/wp-json\/wp\/v2\/types\/page"}],"author":[{"embeddable":true,"href":"https:\/\/miit-ciit.com\/index.php\/wp-json\/wp\/v2\/users\/1"}],"replies":[{"embeddable":true,"href":"https:\/\/miit-ciit.com\/index.php\/wp-json\/wp\/v2\/comments?post=64"}],"version-history":[{"count":16,"href":"https:\/\/miit-ciit.com\/index.php\/wp-json\/wp\/v2\/pages\/64\/revisions"}],"predecessor-version":[{"id":408,"href":"https:\/\/miit-ciit.com\/index.php\/wp-json\/wp\/v2\/pages\/64\/revisions\/408"}],"wp:attachment":[{"href":"https:\/\/miit-ciit.com\/index.php\/wp-json\/wp\/v2\/media?parent=64"}],"curies":[{"name":"wp","href":"https:\/\/api.w.org\/{rel}","templated":true}]}}