{"id":5,"date":"2023-03-16T22:59:28","date_gmt":"2023-03-16T15:59:28","guid":{"rendered":"https:\/\/miit-ciit.com\/?page_id=5"},"modified":"2023-04-01T08:05:10","modified_gmt":"2023-04-01T01:05:10","slug":"nosotros","status":"publish","type":"page","link":"https:\/\/miit-ciit.com\/index.php\/nosotros\/","title":{"rendered":"Nosotros"},"content":{"rendered":"\t\t<div data-elementor-type=\"wp-page\" data-elementor-id=\"5\" class=\"elementor elementor-5\">\n\t\t\t\t\t\t\t\t\t<section class=\"elementor-section elementor-top-section elementor-element elementor-element-3ff2fc1 elementor-section-boxed elementor-section-height-default elementor-section-height-default\" data-id=\"3ff2fc1\" data-element_type=\"section\">\n\t\t\t\t\t\t<div class=\"elementor-container elementor-column-gap-default\">\n\t\t\t\t\t<div class=\"elementor-column elementor-col-100 elementor-top-column elementor-element elementor-element-257864b9\" data-id=\"257864b9\" data-element_type=\"column\">\n\t\t\t<div class=\"elementor-widget-wrap elementor-element-populated\">\n\t\t\t\t\t\t\t\t<div class=\"elementor-element elementor-element-6e3f773 elementor-widget elementor-widget-heading\" data-id=\"6e3f773\" data-element_type=\"widget\" data-widget_type=\"heading.default\">\n\t\t\t\t<div class=\"elementor-widget-container\">\n\t\t\t<style>\/*! elementor - v3.12.0 - 29-03-2023 *\/\n.elementor-heading-title{padding:0;margin:0;line-height:1}.elementor-widget-heading .elementor-heading-title[class*=elementor-size-]>a{color:inherit;font-size:inherit;line-height:inherit}.elementor-widget-heading .elementor-heading-title.elementor-size-small{font-size:15px}.elementor-widget-heading .elementor-heading-title.elementor-size-medium{font-size:19px}.elementor-widget-heading .elementor-heading-title.elementor-size-large{font-size:29px}.elementor-widget-heading .elementor-heading-title.elementor-size-xl{font-size:39px}.elementor-widget-heading .elementor-heading-title.elementor-size-xxl{font-size:59px}<\/style><h2 class=\"elementor-heading-title elementor-size-default\">\u00bfQui\u00e9nes somos?<\/h2>\t\t<\/div>\n\t\t\t\t<\/div>\n\t\t\t\t<div class=\"elementor-element elementor-element-47e07e3b elementor-widget elementor-widget-text-editor\" data-id=\"47e07e3b\" data-element_type=\"widget\" data-widget_type=\"text-editor.default\">\n\t\t\t\t<div class=\"elementor-widget-container\">\n\t\t\t<style>\/*! elementor - v3.12.0 - 29-03-2023 *\/\n.elementor-widget-text-editor.elementor-drop-cap-view-stacked .elementor-drop-cap{background-color:#69727d;color:#fff}.elementor-widget-text-editor.elementor-drop-cap-view-framed .elementor-drop-cap{color:#69727d;border:3px solid;background-color:transparent}.elementor-widget-text-editor:not(.elementor-drop-cap-view-default) .elementor-drop-cap{margin-top:8px}.elementor-widget-text-editor:not(.elementor-drop-cap-view-default) .elementor-drop-cap-letter{width:1em;height:1em}.elementor-widget-text-editor .elementor-drop-cap{float:left;text-align:center;line-height:1;font-size:50px}.elementor-widget-text-editor .elementor-drop-cap-letter{display:inline-block}<\/style>\t\t\t\t<!-- wp:paragraph -->\n<p>Somos dos empresas mexicanas, <strong>Mantenimiento e Instalaciones Industriales Torres S.A. de C.V.<\/strong> (MIIT) y <strong>Construcciones e Instalaciones Industriales de Tamaulipas S.A de C.V.<\/strong> (CIIT) fueron fundadas con el fin de brindar servicios dentro de la industria de la construcci\u00f3n, cuentan con experiencia comprobada en el Dise\u00f1o, Construcci\u00f3n y Comercializaci\u00f3n de obras electro\/mec\u00e1nicas, abarcando todas la diferentes disciplinas que en ellas intervengan, como pueden ser: obra civil, obra mec\u00e1nica, obra el\u00e9ctrica, terracer\u00edas, etc. con base en la experiencia acumulada durante los \u00faltimos a\u00f1os trabajando para el sector privado en diversos estados de la Rep\u00fablica Mexicana con el respaldo de t\u00e9cnicos y profesionales capacitados, as\u00ed como equipo especializado.<\/p>\n<!-- \/wp:paragraph --><!-- wp:paragraph -->\n<p>As\u00ed mismo para satisfacer las necesidades e nuestros clientes, sus expectativas en torno al producto-servicio que buscan, la honestidad, reciprocidad, respeto y confianza para cumplir con los compromisos adquiridos.<\/p>\n<!-- \/wp:paragraph --><!-- wp:quote -->\n<blockquote class=\"wp-block-quote\"><!-- wp:paragraph -->\n<p>Nuestros clientes merecen soluciones, servicios y productos de alta calidad.<\/p>\n<!-- \/wp:paragraph --><cite>Director General.<strong> Juan M. Torres V\u00e1zquez<\/strong><\/cite><\/blockquote>\n<!-- \/wp:quote --><!-- wp:paragraph --><!-- \/wp:paragraph --><!-- wp:heading {\"level\":3} --><!-- \/wp:list -->\t\t\t\t\t\t<\/div>\n\t\t\t\t<\/div>\n\t\t\t\t<div class=\"elementor-element elementor-element-0a4215d elementor-widget elementor-widget-spacer\" data-id=\"0a4215d\" data-element_type=\"widget\" data-widget_type=\"spacer.default\">\n\t\t\t\t<div class=\"elementor-widget-container\">\n\t\t\t<style>\/*! elementor - v3.12.0 - 29-03-2023 *\/\n.elementor-column .elementor-spacer-inner{height:var(--spacer-size)}.e-con{--container-widget-width:100%}.e-con-inner>.elementor-widget-spacer,.e-con>.elementor-widget-spacer{width:var(--container-widget-width,var(--spacer-size));--align-self:var(--container-widget-align-self,initial);--flex-shrink:0}.e-con-inner>.elementor-widget-spacer>.elementor-widget-container,.e-con-inner>.elementor-widget-spacer>.elementor-widget-container>.elementor-spacer,.e-con>.elementor-widget-spacer>.elementor-widget-container,.e-con>.elementor-widget-spacer>.elementor-widget-container>.elementor-spacer{height:100%}.e-con-inner>.elementor-widget-spacer>.elementor-widget-container>.elementor-spacer>.elementor-spacer-inner,.e-con>.elementor-widget-spacer>.elementor-widget-container>.elementor-spacer>.elementor-spacer-inner{height:var(--container-widget-height,var(--spacer-size))}<\/style>\t\t<div class=\"elementor-spacer\">\n\t\t\t<div class=\"elementor-spacer-inner\"><\/div>\n\t\t<\/div>\n\t\t\t\t<\/div>\n\t\t\t\t<\/div>\n\t\t\t\t\t<\/div>\n\t\t<\/div>\n\t\t\t\t\t\t\t<\/div>\n\t\t<\/section>\n\t\t\t\t<section class=\"elementor-section elementor-top-section elementor-element elementor-element-0f6ecd0 elementor-section-boxed elementor-section-height-default elementor-section-height-default\" data-id=\"0f6ecd0\" data-element_type=\"section\" data-settings=\"{&quot;background_background&quot;:&quot;classic&quot;}\">\n\t\t\t\t\t\t<div class=\"elementor-container elementor-column-gap-default\">\n\t\t\t\t\t<div class=\"elementor-column elementor-col-100 elementor-top-column elementor-element elementor-element-7ed2d02\" data-id=\"7ed2d02\" data-element_type=\"column\">\n\t\t\t<div class=\"elementor-widget-wrap elementor-element-populated\">\n\t\t\t\t\t\t\t\t<div class=\"elementor-element elementor-element-e1597e7 elementor-widget elementor-widget-heading\" data-id=\"e1597e7\" data-element_type=\"widget\" data-widget_type=\"heading.default\">\n\t\t\t\t<div class=\"elementor-widget-container\">\n\t\t\t<h2 class=\"elementor-heading-title elementor-size-default\">Valores<\/h2>\t\t<\/div>\n\t\t\t\t<\/div>\n\t\t\t\t<div class=\"elementor-element elementor-element-29e8c18 elementor-widget elementor-widget-text-editor\" data-id=\"29e8c18\" data-element_type=\"widget\" data-widget_type=\"text-editor.default\">\n\t\t\t\t<div class=\"elementor-widget-container\">\n\t\t\t\t\t\t\t<ul>\n<li><strong>RESPONSABILIDAD:<\/strong> Cumplimos con responsabilidad valorando las consecuencias de nuestros actos en favor de la empresa y la satisfacci\u00f3n de los clientes.<\/li>\n<!-- \/wp:list-item --><!-- wp:list-item -->\n<li><strong>COMPROMISO:<\/strong> Todos nuestros compromisos es una obligaci\u00f3n contra\u00edda y lo cumplimos.<\/li>\n<!-- \/wp:list-item --><!-- wp:list-item -->\n<li><strong>PASI\u00d3N POR EL SERVICIO AL CLIENTE:<\/strong> Para asegurar la excelencia y calidad en lo que hacemos logrando la satisfacci\u00f3n y lealtad.<\/li>\n<!-- \/wp:list-item --><!-- wp:list-item -->\n<li><strong>INNOVACI\u00d3N:<\/strong> Reconocemos como importancia vital la mejor y continua innovaci\u00f3n en procesos o servicios nuevos o mejoras que el cliente reconoce y valora.<\/li>\n<\/ul>\t\t\t\t\t\t<\/div>\n\t\t\t\t<\/div>\n\t\t\t\t\t<\/div>\n\t\t<\/div>\n\t\t\t\t\t\t\t<\/div>\n\t\t<\/section>\n\t\t\t\t\t\t\t<\/div>\n\t\t","protected":false},"excerpt":{"rendered":"<p>\u00bfQui\u00e9nes somos? Somos dos empresas mexicanas, Mantenimiento e Instalaciones Industriales Torres S.A. de C.V. (MIIT) y Construcciones e Instalaciones Industriales de Tamaulipas S.A de C.V. (CIIT) fueron fundadas con el fin de brindar servicios dentro de la industria de la construcci\u00f3n, cuentan con experiencia comprobada en el Dise\u00f1o, Construcci\u00f3n y Comercializaci\u00f3n de obras electro\/mec\u00e1nicas, abarcando [&hellip;]<\/p>\n","protected":false},"author":1,"featured_media":0,"parent":0,"menu_order":0,"comment_status":"closed","ping_status":"closed","template":"","meta":[],"_links":{"self":[{"href":"https:\/\/miit-ciit.com\/index.php\/wp-json\/wp\/v2\/pages\/5"}],"collection":[{"href":"https:\/\/miit-ciit.com\/index.php\/wp-json\/wp\/v2\/pages"}],"about":[{"href":"https:\/\/miit-ciit.com\/index.php\/wp-json\/wp\/v2\/types\/page"}],"author":[{"embeddable":true,"href":"https:\/\/miit-ciit.com\/index.php\/wp-json\/wp\/v2\/users\/1"}],"replies":[{"embeddable":true,"href":"https:\/\/miit-ciit.com\/index.php\/wp-json\/wp\/v2\/comments?post=5"}],"version-history":[{"count":30,"href":"https:\/\/miit-ciit.com\/index.php\/wp-json\/wp\/v2\/pages\/5\/revisions"}],"predecessor-version":[{"id":269,"href":"https:\/\/miit-ciit.com\/index.php\/wp-json\/wp\/v2\/pages\/5\/revisions\/269"}],"wp:attachment":[{"href":"https:\/\/miit-ciit.com\/index.php\/wp-json\/wp\/v2\/media?parent=5"}],"curies":[{"name":"wp","href":"https:\/\/api.w.org\/{rel}","templated":true}]}}